{"id":53,"date":"2025-07-10T19:38:20","date_gmt":"2025-07-10T19:38:20","guid":{"rendered":"https:\/\/idpengineering.com.mx\/home\/?page_id=53"},"modified":"2025-07-10T19:49:53","modified_gmt":"2025-07-10T19:49:53","slug":"servicios-especializados","status":"publish","type":"page","link":"https:\/\/idpengineering.com.mx\/?page_id=53","title":{"rendered":"Servicios Especializados"},"content":{"rendered":"\t\t<div data-elementor-type=\"wp-page\" data-elementor-id=\"53\" class=\"elementor elementor-53\">\n\t\t\t\t<div class=\"elementor-element elementor-element-9fe495c e-grid e-con-boxed e-con e-parent\" data-id=\"9fe495c\" data-element_type=\"container\" data-e-type=\"container\">\n\t\t\t\t\t<div class=\"e-con-inner\">\n\t\t\t\t<div class=\"elementor-element elementor-element-fe64ca8 elementor-widget elementor-widget-image\" data-id=\"fe64ca8\" data-element_type=\"widget\" data-e-type=\"widget\" data-widget_type=\"image.default\">\n\t\t\t\t\t\t\t\t\t\t\t\t\t\t\t<img decoding=\"async\" width=\"300\" height=\"123\" src=\"https:\/\/idpengineering.com.mx\/wp-content\/uploads\/2025\/07\/Captura-de-pantalla-2025-07-10-a-las-1.46.24\u202fp.m-300x123.png\" class=\"attachment-medium size-medium wp-image-56\" alt=\"\" srcset=\"https:\/\/idpengineering.com.mx\/wp-content\/uploads\/2025\/07\/Captura-de-pantalla-2025-07-10-a-las-1.46.24\u202fp.m-300x123.png 300w, https:\/\/idpengineering.com.mx\/wp-content\/uploads\/2025\/07\/Captura-de-pantalla-2025-07-10-a-las-1.46.24\u202fp.m.png 346w\" sizes=\"(max-width: 300px) 100vw, 300px\" \/>\t\t\t\t\t\t\t\t\t\t\t\t\t\t\t<\/div>\n\t\t<div class=\"elementor-element elementor-element-e76dbcb e-grid e-con-full e-con e-child\" data-id=\"e76dbcb\" data-element_type=\"container\" data-e-type=\"container\">\n\t\t\t\t<div class=\"elementor-element elementor-element-c4c2094 elementor-widget elementor-widget-heading\" data-id=\"c4c2094\" data-element_type=\"widget\" data-e-type=\"widget\" data-widget_type=\"heading.default\">\n\t\t\t\t\t<h2 class=\"elementor-heading-title elementor-size-default\">Dise\u00f1o e integraci\u00f3n de sistemas<\/h2>\t\t\t\t<\/div>\n\t\t\t\t<div class=\"elementor-element elementor-element-b16c01e elementor-widget elementor-widget-text-editor\" data-id=\"b16c01e\" data-element_type=\"widget\" data-e-type=\"widget\" data-widget_type=\"text-editor.default\">\n\t\t\t\t\t\t\t\t\t<p><span class=\"TextRun SCXP143259617 BCX0\" lang=\"ES-MX\" xml:lang=\"ES-MX\" data-contrast=\"auto\"><span class=\"NormalTextRun SCXP143259617 BCX0\">An\u00e1lisis de procesos, ingenier\u00eda de detalle y desarrollo de soluciones industriales a medida.<\/span><\/span><span class=\"EOP SCXP143259617 BCX0\">\u200b<\/span><\/p>\t\t\t\t\t\t\t\t<\/div>\n\t\t\t\t<\/div>\n\t\t\t\t<div class=\"elementor-element elementor-element-39d9b39 elementor-widget elementor-widget-image\" data-id=\"39d9b39\" data-element_type=\"widget\" data-e-type=\"widget\" data-widget_type=\"image.default\">\n\t\t\t\t\t\t\t\t\t\t\t\t\t\t\t<img decoding=\"async\" width=\"300\" height=\"124\" src=\"https:\/\/idpengineering.com.mx\/wp-content\/uploads\/2025\/07\/Captura-de-pantalla-2025-07-10-a-las-1.46.36\u202fp.m-300x124.png\" class=\"attachment-medium size-medium wp-image-57\" alt=\"\" srcset=\"https:\/\/idpengineering.com.mx\/wp-content\/uploads\/2025\/07\/Captura-de-pantalla-2025-07-10-a-las-1.46.36\u202fp.m-300x124.png 300w, https:\/\/idpengineering.com.mx\/wp-content\/uploads\/2025\/07\/Captura-de-pantalla-2025-07-10-a-las-1.46.36\u202fp.m.png 344w\" sizes=\"(max-width: 300px) 100vw, 300px\" \/>\t\t\t\t\t\t\t\t\t\t\t\t\t\t\t<\/div>\n\t\t<div class=\"elementor-element elementor-element-200d55a e-grid e-con-full e-con e-child\" data-id=\"200d55a\" data-element_type=\"container\" data-e-type=\"container\">\n\t\t\t\t<div class=\"elementor-element elementor-element-98f94c2 elementor-widget elementor-widget-heading\" data-id=\"98f94c2\" data-element_type=\"widget\" data-e-type=\"widget\" data-widget_type=\"heading.default\">\n\t\t\t\t\t<h2 class=\"elementor-heading-title elementor-size-default\">Automatizaci\u00f3n y rob\u00f3tica<\/h2>\t\t\t\t<\/div>\n\t\t\t\t<div class=\"elementor-element elementor-element-1612a8f elementor-widget elementor-widget-text-editor\" data-id=\"1612a8f\" data-element_type=\"widget\" data-e-type=\"widget\" data-widget_type=\"text-editor.default\">\n\t\t\t\t\t\t\t\t\t<p><span class=\"TextRun SCXP156992562 BCX0\" lang=\"ES-MX\" xml:lang=\"ES-MX\" data-contrast=\"auto\"><span class=\"NormalTextRun SCXP156992562 BCX0\">Implementaci\u00f3n de sistemas autom\u00e1ticos.<\/span><\/span><\/p>\t\t\t\t\t\t\t\t<\/div>\n\t\t\t\t<\/div>\n\t\t\t\t<div class=\"elementor-element elementor-element-85f7dba elementor-widget elementor-widget-image\" data-id=\"85f7dba\" data-element_type=\"widget\" data-e-type=\"widget\" data-widget_type=\"image.default\">\n\t\t\t\t\t\t\t\t\t\t\t\t\t\t\t<img decoding=\"async\" width=\"300\" height=\"123\" src=\"https:\/\/idpengineering.com.mx\/wp-content\/uploads\/2025\/07\/Captura-de-pantalla-2025-07-10-a-las-1.46.48\u202fp.m-300x123.png\" class=\"attachment-medium size-medium wp-image-58\" alt=\"\" srcset=\"https:\/\/idpengineering.com.mx\/wp-content\/uploads\/2025\/07\/Captura-de-pantalla-2025-07-10-a-las-1.46.48\u202fp.m-300x123.png 300w, https:\/\/idpengineering.com.mx\/wp-content\/uploads\/2025\/07\/Captura-de-pantalla-2025-07-10-a-las-1.46.48\u202fp.m.png 346w\" sizes=\"(max-width: 300px) 100vw, 300px\" \/>\t\t\t\t\t\t\t\t\t\t\t\t\t\t\t<\/div>\n\t\t<div class=\"elementor-element elementor-element-2c3920e e-grid e-con-full e-con e-child\" data-id=\"2c3920e\" data-element_type=\"container\" data-e-type=\"container\">\n\t\t\t\t<div class=\"elementor-element elementor-element-b2abb6c elementor-widget elementor-widget-heading\" data-id=\"b2abb6c\" data-element_type=\"widget\" data-e-type=\"widget\" data-widget_type=\"heading.default\">\n\t\t\t\t\t<h2 class=\"elementor-heading-title elementor-size-default\">L\u00edneas de producci\u00f3n y proyectos \"Llave en mano\"<\/h2>\t\t\t\t<\/div>\n\t\t\t\t<div class=\"elementor-element elementor-element-6a454e0 elementor-widget elementor-widget-text-editor\" data-id=\"6a454e0\" data-element_type=\"widget\" data-e-type=\"widget\" data-widget_type=\"text-editor.default\">\n\t\t\t\t\t\t\t\t\t<ul style=\"font-weight: 400;\"><li data-charcodes=\"8226\" data-buautonum=\"8\" data-aria-posinset=\"6\" data-aria-level=\"2\"><span data-contrast=\"auto\">Dise\u00f1o, montaje y puesta en marcha de l\u00edneas productivas completas.<\/span>\u200b<\/li><li data-charcodes=\"8226\" data-buautonum=\"8\" data-aria-posinset=\"7\" data-aria-level=\"2\"><span data-contrast=\"auto\">Ejecuci\u00f3n integral de proyectos desde el concepto hasta la operaci\u00f3n.<\/span>\u200b<\/li><\/ul>\t\t\t\t\t\t\t\t<\/div>\n\t\t\t\t<\/div>\n\t\t\t\t<div class=\"elementor-element elementor-element-e646410 elementor-widget elementor-widget-image\" data-id=\"e646410\" data-element_type=\"widget\" data-e-type=\"widget\" data-widget_type=\"image.default\">\n\t\t\t\t\t\t\t\t\t\t\t\t\t\t\t<img loading=\"lazy\" decoding=\"async\" width=\"300\" height=\"123\" src=\"https:\/\/idpengineering.com.mx\/wp-content\/uploads\/2025\/07\/Captura-de-pantalla-2025-07-10-a-las-1.47.01\u202fp.m-300x123.png\" class=\"attachment-medium size-medium wp-image-59\" alt=\"\" srcset=\"https:\/\/idpengineering.com.mx\/wp-content\/uploads\/2025\/07\/Captura-de-pantalla-2025-07-10-a-las-1.47.01\u202fp.m-300x123.png 300w, https:\/\/idpengineering.com.mx\/wp-content\/uploads\/2025\/07\/Captura-de-pantalla-2025-07-10-a-las-1.47.01\u202fp.m.png 343w\" sizes=\"(max-width: 300px) 100vw, 300px\" \/>\t\t\t\t\t\t\t\t\t\t\t\t\t\t\t<\/div>\n\t\t<div class=\"elementor-element elementor-element-de0354b e-grid e-con-full e-con e-child\" data-id=\"de0354b\" data-element_type=\"container\" data-e-type=\"container\">\n\t\t\t\t<div class=\"elementor-element elementor-element-4c8babd elementor-widget elementor-widget-heading\" data-id=\"4c8babd\" data-element_type=\"widget\" data-e-type=\"widget\" data-widget_type=\"heading.default\">\n\t\t\t\t\t<h2 class=\"elementor-heading-title elementor-size-default\">Venta y mantenimiento de maquinaria<\/h2>\t\t\t\t<\/div>\n\t\t\t\t<div class=\"elementor-element elementor-element-b74a611 elementor-widget elementor-widget-text-editor\" data-id=\"b74a611\" data-element_type=\"widget\" data-e-type=\"widget\" data-widget_type=\"text-editor.default\">\n\t\t\t\t\t\t\t\t\t<ul style=\"font-weight: 400;\"><li data-charcodes=\"8226\" data-buautonum=\"8\" data-aria-posinset=\"9\" data-aria-level=\"2\"><span data-contrast=\"auto\">Comercializaci\u00f3n de equipos industriales.<\/span>\u200b<\/li><li data-charcodes=\"8226\" data-buautonum=\"8\" data-aria-posinset=\"10\" data-aria-level=\"2\"><span data-contrast=\"auto\">Servicios de mantenimiento preventivo, correctivo y predictivo bajo contrato.<\/span><\/li><\/ul>\t\t\t\t\t\t\t\t<\/div>\n\t\t\t\t<\/div>\n\t\t\t\t\t<\/div>\n\t\t\t\t<\/div>\n\t\t\t\t<\/div>\n\t\t","protected":false},"excerpt":{"rendered":"<p>Dise\u00f1o e integraci\u00f3n de sistemas An\u00e1lisis de procesos, ingenier\u00eda de detalle y desarrollo de soluciones industriales a medida.\u200b Automatizaci\u00f3n y rob\u00f3tica Implementaci\u00f3n de sistemas autom\u00e1ticos. L\u00edneas de producci\u00f3n y proyectos&hellip;<\/p>\n","protected":false},"author":1,"featured_media":0,"parent":0,"menu_order":0,"comment_status":"closed","ping_status":"closed","template":"","meta":{"footnotes":""},"class_list":["post-53","page","type-page","status-publish","hentry"],"_links":{"self":[{"href":"https:\/\/idpengineering.com.mx\/index.php?rest_route=\/wp\/v2\/pages\/53","targetHints":{"allow":["GET"]}}],"collection":[{"href":"https:\/\/idpengineering.com.mx\/index.php?rest_route=\/wp\/v2\/pages"}],"about":[{"href":"https:\/\/idpengineering.com.mx\/index.php?rest_route=\/wp\/v2\/types\/page"}],"author":[{"embeddable":true,"href":"https:\/\/idpengineering.com.mx\/index.php?rest_route=\/wp\/v2\/users\/1"}],"replies":[{"embeddable":true,"href":"https:\/\/idpengineering.com.mx\/index.php?rest_route=%2Fwp%2Fv2%2Fcomments&post=53"}],"version-history":[{"count":4,"href":"https:\/\/idpengineering.com.mx\/index.php?rest_route=\/wp\/v2\/pages\/53\/revisions"}],"predecessor-version":[{"id":62,"href":"https:\/\/idpengineering.com.mx\/index.php?rest_route=\/wp\/v2\/pages\/53\/revisions\/62"}],"wp:attachment":[{"href":"https:\/\/idpengineering.com.mx\/index.php?rest_route=%2Fwp%2Fv2%2Fmedia&parent=53"}],"curies":[{"name":"wp","href":"https:\/\/api.w.org\/{rel}","templated":true}]}}