{"id":65,"date":"2025-07-10T19:51:55","date_gmt":"2025-07-10T19:51:55","guid":{"rendered":"https:\/\/idpengineering.com.mx\/home\/?page_id=65"},"modified":"2025-07-11T15:53:03","modified_gmt":"2025-07-11T15:53:03","slug":"diferenciadores","status":"publish","type":"page","link":"https:\/\/idpengineering.com.mx\/?page_id=65","title":{"rendered":"Diferenciadores"},"content":{"rendered":"\t\t<div data-elementor-type=\"wp-page\" data-elementor-id=\"65\" class=\"elementor elementor-65\">\n\t\t\t\t<div class=\"elementor-element elementor-element-6eba90e e-grid e-con-boxed e-con e-parent\" data-id=\"6eba90e\" data-element_type=\"container\" data-e-type=\"container\">\n\t\t\t\t\t<div class=\"e-con-inner\">\n\t\t\t\t<div class=\"elementor-element elementor-element-cb56578 elementor-widget elementor-widget-image\" data-id=\"cb56578\" data-element_type=\"widget\" data-e-type=\"widget\" data-widget_type=\"image.default\">\n\t\t\t\t\t\t\t\t\t\t\t\t<figure class=\"wp-caption\">\n\t\t\t\t\t\t\t\t\t\t<img decoding=\"async\" width=\"150\" height=\"150\" src=\"https:\/\/idpengineering.com.mx\/wp-content\/uploads\/2025\/07\/Imagen-1-150x150.png\" class=\"attachment-thumbnail size-thumbnail wp-image-110\" alt=\"\" srcset=\"https:\/\/idpengineering.com.mx\/wp-content\/uploads\/2025\/07\/Imagen-1-150x150.png 150w, https:\/\/idpengineering.com.mx\/wp-content\/uploads\/2025\/07\/Imagen-1.png 152w\" sizes=\"(max-width: 150px) 100vw, 150px\" \/>\t\t\t\t\t\t\t\t\t\t\t<figcaption class=\"widget-image-caption wp-caption-text\">EXPERIENCIA<\/figcaption>\n\t\t\t\t\t\t\t\t\t\t<\/figure>\n\t\t\t\t\t\t\t\t\t<\/div>\n\t\t\t\t<div class=\"elementor-element elementor-element-111f05c elementor-widget elementor-widget-text-editor\" data-id=\"111f05c\" data-element_type=\"widget\" data-e-type=\"widget\" data-widget_type=\"text-editor.default\">\n\t\t\t\t\t\t\t\t\t<p style=\"language: es-MX; margin-top: 0pt; margin-bottom: 0pt; margin-left: 0in; text-align: center;\"><span style=\"language: es-MX;\">Trayectoria comprobada en m\u00faltiples industrias.<\/span><\/p>\t\t\t\t\t\t\t\t<\/div>\n\t\t\t\t<div class=\"elementor-element elementor-element-a714899 elementor-widget elementor-widget-image\" data-id=\"a714899\" data-element_type=\"widget\" data-e-type=\"widget\" data-widget_type=\"image.default\">\n\t\t\t\t\t\t\t\t\t\t\t\t<figure class=\"wp-caption\">\n\t\t\t\t\t\t\t\t\t\t<img decoding=\"async\" width=\"150\" height=\"150\" src=\"https:\/\/idpengineering.com.mx\/wp-content\/uploads\/2025\/07\/Imagen-2-150x150.png\" class=\"attachment-thumbnail size-thumbnail wp-image-111\" alt=\"\" \/>\t\t\t\t\t\t\t\t\t\t\t<figcaption class=\"widget-image-caption wp-caption-text\">SOLUCIONES PERSONALIZADAS<\/figcaption>\n\t\t\t\t\t\t\t\t\t\t<\/figure>\n\t\t\t\t\t\t\t\t\t<\/div>\n\t\t\t\t<div class=\"elementor-element elementor-element-5026a04 elementor-widget elementor-widget-text-editor\" data-id=\"5026a04\" data-element_type=\"widget\" data-e-type=\"widget\" data-widget_type=\"text-editor.default\">\n\t\t\t\t\t\t\t\t\t<p style=\"language: es-MX; margin-top: 0pt; margin-bottom: 0pt; margin-left: 0in; text-align: center;\"><span style=\"language: es-MX;\">Cada cliente recibe atenci\u00f3n exclusiva, basada en sus verdaderas necesidades.<\/span><\/p>\t\t\t\t\t\t\t\t<\/div>\n\t\t\t\t<div class=\"elementor-element elementor-element-5cda48b elementor-widget elementor-widget-image\" data-id=\"5cda48b\" data-element_type=\"widget\" data-e-type=\"widget\" data-widget_type=\"image.default\">\n\t\t\t\t\t\t\t\t\t\t\t\t<figure class=\"wp-caption\">\n\t\t\t\t\t\t\t\t\t\t<img decoding=\"async\" width=\"112\" height=\"112\" src=\"https:\/\/idpengineering.com.mx\/wp-content\/uploads\/2025\/07\/Imagen-3.png\" class=\"attachment-medium size-medium wp-image-112\" alt=\"\" \/>\t\t\t\t\t\t\t\t\t\t\t<figcaption class=\"widget-image-caption wp-caption-text\">EQUIPO MULTIDISCIPLINARIO<\/figcaption>\n\t\t\t\t\t\t\t\t\t\t<\/figure>\n\t\t\t\t\t\t\t\t\t<\/div>\n\t\t\t\t<div class=\"elementor-element elementor-element-78d430e elementor-widget elementor-widget-text-editor\" data-id=\"78d430e\" data-element_type=\"widget\" data-e-type=\"widget\" data-widget_type=\"text-editor.default\">\n\t\t\t\t\t\t\t\t\t<p style=\"language: es-MX; margin-top: 0pt; margin-bottom: 0pt; margin-left: 0in; text-align: center;\"><span style=\"language: es-MX;\">Ingenieros, t\u00e9cnicos y asesores capacitados para cada reto.<\/span><\/p>\t\t\t\t\t\t\t\t<\/div>\n\t\t\t\t<div class=\"elementor-element elementor-element-03c4080 elementor-widget elementor-widget-image\" data-id=\"03c4080\" data-element_type=\"widget\" data-e-type=\"widget\" data-widget_type=\"image.default\">\n\t\t\t\t\t\t\t\t\t\t\t\t<figure class=\"wp-caption\">\n\t\t\t\t\t\t\t\t\t\t<img loading=\"lazy\" decoding=\"async\" width=\"150\" height=\"150\" src=\"https:\/\/idpengineering.com.mx\/wp-content\/uploads\/2025\/07\/Imagen-4-150x150.png\" class=\"attachment-thumbnail size-thumbnail wp-image-114\" alt=\"\" srcset=\"https:\/\/idpengineering.com.mx\/wp-content\/uploads\/2025\/07\/Imagen-4-150x150.png 150w, https:\/\/idpengineering.com.mx\/wp-content\/uploads\/2025\/07\/Imagen-4.png 233w\" sizes=\"(max-width: 150px) 100vw, 150px\" \/>\t\t\t\t\t\t\t\t\t\t\t<figcaption class=\"widget-image-caption wp-caption-text\">RESPUESTA R\u00c1PIDA Y SOPORTE CONSTANTE<\/figcaption>\n\t\t\t\t\t\t\t\t\t\t<\/figure>\n\t\t\t\t\t\t\t\t\t<\/div>\n\t\t\t\t<div class=\"elementor-element elementor-element-303f8b6 elementor-widget elementor-widget-text-editor\" data-id=\"303f8b6\" data-element_type=\"widget\" data-e-type=\"widget\" data-widget_type=\"text-editor.default\">\n\t\t\t\t\t\t\t\t\t<p style=\"language: es-MX; margin-top: 0pt; margin-bottom: 0pt; margin-left: 0in; text-align: center;\"><span style=\"language: es-MX;\">Atenci\u00f3n eficiente, seguimiento t\u00e9cnico y acompa\u00f1amiento postventa.<\/span><\/p>\t\t\t\t\t\t\t\t<\/div>\n\t\t\t\t\t<\/div>\n\t\t\t\t<\/div>\n\t\t\t\t<\/div>\n\t\t","protected":false},"excerpt":{"rendered":"<p>EXPERIENCIA Trayectoria comprobada en m\u00faltiples industrias. SOLUCIONES PERSONALIZADAS Cada cliente recibe atenci\u00f3n exclusiva, basada en sus verdaderas necesidades. EQUIPO MULTIDISCIPLINARIO Ingenieros, t\u00e9cnicos y asesores capacitados para cada reto. RESPUESTA R\u00c1PIDA&hellip;<\/p>\n","protected":false},"author":1,"featured_media":0,"parent":0,"menu_order":0,"comment_status":"closed","ping_status":"closed","template":"","meta":{"footnotes":""},"class_list":["post-65","page","type-page","status-publish","hentry"],"_links":{"self":[{"href":"https:\/\/idpengineering.com.mx\/index.php?rest_route=\/wp\/v2\/pages\/65","targetHints":{"allow":["GET"]}}],"collection":[{"href":"https:\/\/idpengineering.com.mx\/index.php?rest_route=\/wp\/v2\/pages"}],"about":[{"href":"https:\/\/idpengineering.com.mx\/index.php?rest_route=\/wp\/v2\/types\/page"}],"author":[{"embeddable":true,"href":"https:\/\/idpengineering.com.mx\/index.php?rest_route=\/wp\/v2\/users\/1"}],"replies":[{"embeddable":true,"href":"https:\/\/idpengineering.com.mx\/index.php?rest_route=%2Fwp%2Fv2%2Fcomments&post=65"}],"version-history":[{"count":13,"href":"https:\/\/idpengineering.com.mx\/index.php?rest_route=\/wp\/v2\/pages\/65\/revisions"}],"predecessor-version":[{"id":117,"href":"https:\/\/idpengineering.com.mx\/index.php?rest_route=\/wp\/v2\/pages\/65\/revisions\/117"}],"wp:attachment":[{"href":"https:\/\/idpengineering.com.mx\/index.php?rest_route=%2Fwp%2Fv2%2Fmedia&parent=65"}],"curies":[{"name":"wp","href":"https:\/\/api.w.org\/{rel}","templated":true}]}}